{"id":1768,"date":"2025-07-04T10:20:42","date_gmt":"2025-07-04T07:20:42","guid":{"rendered":"https:\/\/ivanschallenge.com\/produs\/consultanta-in-suplimente\/"},"modified":"2025-09-09T18:25:23","modified_gmt":"2025-09-09T15:25:23","slug":"supplement-consultation","status":"publish","type":"product","link":"https:\/\/ivanschallenge.com\/en\/produs\/supplement-consultation\/","title":{"rendered":"SUPPLEMENT CONSULTATION"},"content":{"rendered":"<p>Supplements can be a solution for you when traditional nutrition no longer yields results.<\/p>\n<p>Let us guide you in choosing the most suitable products for you.<\/p>\n<p><strong>WHAT DOES A FIRST SUPPLEMENT CONSULTATION SESSION WITH ANDREI IVAN LOOK LIKE?<\/strong><\/p>\n<ul>\n<li><strong>Conversation about needs and goals<\/strong> \u2013 Before any recommendation, Andrei will arrange an introductory meeting with you to ensure he fully understands your needs and desires. This involves an open discussion about your goals, lifestyle, any deficiencies or sensitivities. He will also answer any questions or curiosities you may have regarding supplements.<\/li>\n<li><strong>Go through a set of tests<\/strong> \u2013 After the introductory meeting, Andrei will recommend a set of tests to accurately identify your body&#8217;s needs. This includes potential vitamin and mineral deficiencies, hormone levels, or other important indicators for your health. This way, you can be sure that any recommended product truly supports your body.<\/li>\n<li><strong>Receive the list of recommendations<\/strong> \u2013 Andrei will provide you with a list of recommended products, as well as the specific dosages for each and the optimal time to administer them. He will also offer the rationale for each supplement to help you better understand your body and how the products help it. All of this is to integrate them as naturally and easily as possible into your routine. For one month, Andrei remains by your side for any clarifications or questions.<\/li>\n<\/ul>\n","protected":false},"excerpt":{"rendered":"<p><strong>Suplimentele pot fi o solu\u021bie pentru tine, c\u00e2nd alimenta\u021bia tradi\u021bional\u0103 nu mai d\u0103 rezultate.<\/strong><\/p>\n<p><strong>Las\u0103-te ghidat \u00een alegerea celor mai potrivite produse pentru tine.<\/strong><\/p>\n","protected":false},"featured_media":1769,"comment_status":"open","ping_status":"closed","template":"","meta":[],"product_brand":[],"product_cat":[19,21],"product_tag":[],"class_list":{"0":"post-1768","1":"product","2":"type-product","3":"status-publish","4":"has-post-thumbnail","6":"product_cat-fara-categorie","7":"product_cat-produse","9":"first","10":"instock","11":"shipping-taxable","12":"purchasable","13":"product-type-simple"},"yoast_head":"<!-- This site is optimized with the Yoast SEO plugin v26.6 - https:\/\/yoast.com\/wordpress\/plugins\/seo\/ -->\n<title>SUPPLEMENT CONSULTATION - Andrei Ivan<\/title>\n<meta name=\"robots\" content=\"index, follow, max-snippet:-1, max-image-preview:large, max-video-preview:-1\" \/>\n<link rel=\"canonical\" href=\"https:\/\/ivanschallenge.com\/en\/produs\/supplement-consultation\/\" \/>\n<meta property=\"og:locale\" content=\"en_US\" \/>\n<meta property=\"og:type\" content=\"article\" \/>\n<meta property=\"og:title\" content=\"SUPPLEMENT CONSULTATION - Andrei Ivan\" \/>\n<meta property=\"og:description\" content=\"Suplimentele pot fi o solu\u021bie pentru tine, c\u00e2nd alimenta\u021bia tradi\u021bional\u0103 nu mai d\u0103 rezultate.  Las\u0103-te ghidat \u00een alegerea celor mai potrivite produse pentru tine.\" \/>\n<meta property=\"og:url\" content=\"https:\/\/ivanschallenge.com\/en\/produs\/supplement-consultation\/\" \/>\n<meta property=\"og:site_name\" content=\"Andrei Ivan\" \/>\n<meta property=\"article:modified_time\" content=\"2025-09-09T15:25:23+00:00\" \/>\n<meta property=\"og:image\" content=\"https:\/\/ivanschallenge.com\/wp-content\/uploads\/2025\/07\/IVAN-POZA-CONSULTANTA-PRODUS_1.png\" \/>\n\t<meta property=\"og:image:width\" content=\"881\" \/>\n\t<meta property=\"og:image:height\" content=\"797\" \/>\n\t<meta property=\"og:image:type\" content=\"image\/png\" \/>\n<meta name=\"twitter:card\" content=\"summary_large_image\" \/>\n<meta name=\"twitter:label1\" content=\"Est. reading time\" \/>\n\t<meta name=\"twitter:data1\" content=\"2 minutes\" \/>\n<script type=\"application\/ld+json\" class=\"yoast-schema-graph\">{\"@context\":\"https:\/\/schema.org\",\"@graph\":[{\"@type\":\"WebPage\",\"@id\":\"https:\/\/ivanschallenge.com\/en\/produs\/supplement-consultation\/\",\"url\":\"https:\/\/ivanschallenge.com\/en\/produs\/supplement-consultation\/\",\"name\":\"SUPPLEMENT CONSULTATION - Andrei Ivan\",\"isPartOf\":{\"@id\":\"https:\/\/ivanschallenge.com\/#website\"},\"primaryImageOfPage\":{\"@id\":\"https:\/\/ivanschallenge.com\/en\/produs\/supplement-consultation\/#primaryimage\"},\"image\":{\"@id\":\"https:\/\/ivanschallenge.com\/en\/produs\/supplement-consultation\/#primaryimage\"},\"thumbnailUrl\":\"https:\/\/ivanschallenge.com\/wp-content\/uploads\/2025\/07\/IVAN-POZA-CONSULTANTA-PRODUS_1.png\",\"datePublished\":\"2025-07-04T07:20:42+00:00\",\"dateModified\":\"2025-09-09T15:25:23+00:00\",\"breadcrumb\":{\"@id\":\"https:\/\/ivanschallenge.com\/en\/produs\/supplement-consultation\/#breadcrumb\"},\"inLanguage\":\"en-US\",\"potentialAction\":[{\"@type\":\"ReadAction\",\"target\":[\"https:\/\/ivanschallenge.com\/en\/produs\/supplement-consultation\/\"]}]},{\"@type\":\"ImageObject\",\"inLanguage\":\"en-US\",\"@id\":\"https:\/\/ivanschallenge.com\/en\/produs\/supplement-consultation\/#primaryimage\",\"url\":\"https:\/\/ivanschallenge.com\/wp-content\/uploads\/2025\/07\/IVAN-POZA-CONSULTANTA-PRODUS_1.png\",\"contentUrl\":\"https:\/\/ivanschallenge.com\/wp-content\/uploads\/2025\/07\/IVAN-POZA-CONSULTANTA-PRODUS_1.png\",\"width\":881,\"height\":797},{\"@type\":\"BreadcrumbList\",\"@id\":\"https:\/\/ivanschallenge.com\/en\/produs\/supplement-consultation\/#breadcrumb\",\"itemListElement\":[{\"@type\":\"ListItem\",\"position\":1,\"name\":\"Prima pagin\u0103\",\"item\":\"https:\/\/ivanschallenge.com\/\"},{\"@type\":\"ListItem\",\"position\":2,\"name\":\"Magazin\",\"item\":\"https:\/\/ivanschallenge.com\/magazin\/\"},{\"@type\":\"ListItem\",\"position\":3,\"name\":\"SUPPLEMENT CONSULTATION\"}]},{\"@type\":\"WebSite\",\"@id\":\"https:\/\/ivanschallenge.com\/#website\",\"url\":\"https:\/\/ivanschallenge.com\/\",\"name\":\"Andrei Ivan\",\"description\":\"Antrenor Personal\",\"publisher\":{\"@id\":\"https:\/\/ivanschallenge.com\/#organization\"},\"potentialAction\":[{\"@type\":\"SearchAction\",\"target\":{\"@type\":\"EntryPoint\",\"urlTemplate\":\"https:\/\/ivanschallenge.com\/?s={search_term_string}\"},\"query-input\":{\"@type\":\"PropertyValueSpecification\",\"valueRequired\":true,\"valueName\":\"search_term_string\"}}],\"inLanguage\":\"en-US\"},{\"@type\":\"Organization\",\"@id\":\"https:\/\/ivanschallenge.com\/#organization\",\"name\":\"Andrei Ivan\",\"url\":\"https:\/\/ivanschallenge.com\/\",\"logo\":{\"@type\":\"ImageObject\",\"inLanguage\":\"en-US\",\"@id\":\"https:\/\/ivanschallenge.com\/#\/schema\/logo\/image\/\",\"url\":\"https:\/\/ivanschallenge.com\/wp-content\/uploads\/2025\/06\/IVAN-LOGO-ALB.png\",\"contentUrl\":\"https:\/\/ivanschallenge.com\/wp-content\/uploads\/2025\/06\/IVAN-LOGO-ALB.png\",\"width\":842,\"height\":575,\"caption\":\"Andrei Ivan\"},\"image\":{\"@id\":\"https:\/\/ivanschallenge.com\/#\/schema\/logo\/image\/\"}}]}<\/script>\n<!-- \/ Yoast SEO plugin. -->","yoast_head_json":{"title":"SUPPLEMENT CONSULTATION - Andrei Ivan","robots":{"index":"index","follow":"follow","max-snippet":"max-snippet:-1","max-image-preview":"max-image-preview:large","max-video-preview":"max-video-preview:-1"},"canonical":"https:\/\/ivanschallenge.com\/en\/produs\/supplement-consultation\/","og_locale":"en_US","og_type":"article","og_title":"SUPPLEMENT CONSULTATION - Andrei Ivan","og_description":"Suplimentele pot fi o solu\u021bie pentru tine, c\u00e2nd alimenta\u021bia tradi\u021bional\u0103 nu mai d\u0103 rezultate.  Las\u0103-te ghidat \u00een alegerea celor mai potrivite produse pentru tine.","og_url":"https:\/\/ivanschallenge.com\/en\/produs\/supplement-consultation\/","og_site_name":"Andrei Ivan","article_modified_time":"2025-09-09T15:25:23+00:00","og_image":[{"width":881,"height":797,"url":"https:\/\/ivanschallenge.com\/wp-content\/uploads\/2025\/07\/IVAN-POZA-CONSULTANTA-PRODUS_1.png","type":"image\/png"}],"twitter_card":"summary_large_image","twitter_misc":{"Est. reading time":"2 minutes"},"schema":{"@context":"https:\/\/schema.org","@graph":[{"@type":"WebPage","@id":"https:\/\/ivanschallenge.com\/en\/produs\/supplement-consultation\/","url":"https:\/\/ivanschallenge.com\/en\/produs\/supplement-consultation\/","name":"SUPPLEMENT CONSULTATION - Andrei Ivan","isPartOf":{"@id":"https:\/\/ivanschallenge.com\/#website"},"primaryImageOfPage":{"@id":"https:\/\/ivanschallenge.com\/en\/produs\/supplement-consultation\/#primaryimage"},"image":{"@id":"https:\/\/ivanschallenge.com\/en\/produs\/supplement-consultation\/#primaryimage"},"thumbnailUrl":"https:\/\/ivanschallenge.com\/wp-content\/uploads\/2025\/07\/IVAN-POZA-CONSULTANTA-PRODUS_1.png","datePublished":"2025-07-04T07:20:42+00:00","dateModified":"2025-09-09T15:25:23+00:00","breadcrumb":{"@id":"https:\/\/ivanschallenge.com\/en\/produs\/supplement-consultation\/#breadcrumb"},"inLanguage":"en-US","potentialAction":[{"@type":"ReadAction","target":["https:\/\/ivanschallenge.com\/en\/produs\/supplement-consultation\/"]}]},{"@type":"ImageObject","inLanguage":"en-US","@id":"https:\/\/ivanschallenge.com\/en\/produs\/supplement-consultation\/#primaryimage","url":"https:\/\/ivanschallenge.com\/wp-content\/uploads\/2025\/07\/IVAN-POZA-CONSULTANTA-PRODUS_1.png","contentUrl":"https:\/\/ivanschallenge.com\/wp-content\/uploads\/2025\/07\/IVAN-POZA-CONSULTANTA-PRODUS_1.png","width":881,"height":797},{"@type":"BreadcrumbList","@id":"https:\/\/ivanschallenge.com\/en\/produs\/supplement-consultation\/#breadcrumb","itemListElement":[{"@type":"ListItem","position":1,"name":"Prima pagin\u0103","item":"https:\/\/ivanschallenge.com\/"},{"@type":"ListItem","position":2,"name":"Magazin","item":"https:\/\/ivanschallenge.com\/magazin\/"},{"@type":"ListItem","position":3,"name":"SUPPLEMENT CONSULTATION"}]},{"@type":"WebSite","@id":"https:\/\/ivanschallenge.com\/#website","url":"https:\/\/ivanschallenge.com\/","name":"Andrei Ivan","description":"Antrenor Personal","publisher":{"@id":"https:\/\/ivanschallenge.com\/#organization"},"potentialAction":[{"@type":"SearchAction","target":{"@type":"EntryPoint","urlTemplate":"https:\/\/ivanschallenge.com\/?s={search_term_string}"},"query-input":{"@type":"PropertyValueSpecification","valueRequired":true,"valueName":"search_term_string"}}],"inLanguage":"en-US"},{"@type":"Organization","@id":"https:\/\/ivanschallenge.com\/#organization","name":"Andrei Ivan","url":"https:\/\/ivanschallenge.com\/","logo":{"@type":"ImageObject","inLanguage":"en-US","@id":"https:\/\/ivanschallenge.com\/#\/schema\/logo\/image\/","url":"https:\/\/ivanschallenge.com\/wp-content\/uploads\/2025\/06\/IVAN-LOGO-ALB.png","contentUrl":"https:\/\/ivanschallenge.com\/wp-content\/uploads\/2025\/06\/IVAN-LOGO-ALB.png","width":842,"height":575,"caption":"Andrei Ivan"},"image":{"@id":"https:\/\/ivanschallenge.com\/#\/schema\/logo\/image\/"}}]}},"_links":{"self":[{"href":"https:\/\/ivanschallenge.com\/en\/wp-json\/wp\/v2\/product\/1768","targetHints":{"allow":["GET"]}}],"collection":[{"href":"https:\/\/ivanschallenge.com\/en\/wp-json\/wp\/v2\/product"}],"about":[{"href":"https:\/\/ivanschallenge.com\/en\/wp-json\/wp\/v2\/types\/product"}],"replies":[{"embeddable":true,"href":"https:\/\/ivanschallenge.com\/en\/wp-json\/wp\/v2\/comments?post=1768"}],"wp:featuredmedia":[{"embeddable":true,"href":"https:\/\/ivanschallenge.com\/en\/wp-json\/wp\/v2\/media\/1769"}],"wp:attachment":[{"href":"https:\/\/ivanschallenge.com\/en\/wp-json\/wp\/v2\/media?parent=1768"}],"wp:term":[{"taxonomy":"product_brand","embeddable":true,"href":"https:\/\/ivanschallenge.com\/en\/wp-json\/wp\/v2\/product_brand?post=1768"},{"taxonomy":"product_cat","embeddable":true,"href":"https:\/\/ivanschallenge.com\/en\/wp-json\/wp\/v2\/product_cat?post=1768"},{"taxonomy":"product_tag","embeddable":true,"href":"https:\/\/ivanschallenge.com\/en\/wp-json\/wp\/v2\/product_tag?post=1768"}],"curies":[{"name":"wp","href":"https:\/\/api.w.org\/{rel}","templated":true}]}}