{"id":1766,"date":"2025-07-17T10:42:58","date_gmt":"2025-07-17T07:42:58","guid":{"rendered":"https:\/\/ivanschallenge.com\/produs\/antrenamente-video-personalizate\/"},"modified":"2025-09-08T18:20:38","modified_gmt":"2025-09-08T15:20:38","slug":"antrenamente-video-personalizate","status":"publish","type":"product","link":"https:\/\/ivanschallenge.com\/en\/produs\/antrenamente-video-personalizate\/","title":{"rendered":"Antrenamente video personalizate"},"content":{"rendered":"<p>O rutin\u0103 complet\u0103 de sport, care vizeaz\u0103 exerci\u021bii adaptate 100% la condi\u021bia ta fizic\u0103 actual\u0103.<br \/>\nAntrenamentul va cre\u0219te progresiv \u00een intensitate pentru a-\u021bi atinge obiectivele \u00een siguran\u021b\u0103.<br \/>\nExerici\u021biile sunt concepute pentru a se plia oric\u0103rui stil de via\u021b\u0103. Asta \u00eenseamn\u0103 c\u0103 ai flexibilitate total\u0103.<br \/>\nLe po\u021bi face la sal\u0103, acas\u0103, \u00een vacan\u021b\u0103 sau oriunde te sim\u021bi confortabil.<br \/>\nTimp de 12 s\u0103pt\u0103m\u00e2ni, progresul \u00ee\u021bi va atent monitorizat de Andrei. Mai mult dec\u00e2t at\u00e2t, vei primi suport motiva\u021bional sau informativ ori de c\u00e2te ori vei avea nevoie. Altfel spus, ai siguran\u021ba c\u0103 rela\u021bia ta cu disciplina va fi una armonioas\u0103 \u0219i fructuoas\u0103.<\/p>\n","protected":false},"excerpt":{"rendered":"<p>O rutin\u0103 complet\u0103 de sport, care vizeaz\u0103 exerci\u021bii adaptate 100% la condi\u021bia ta fizic\u0103 actual\u0103. Antrenamentul va cre\u0219te progresiv \u00een intensitate pentru a-\u021bi atinge obiectivele \u00een siguran\u021b\u0103. Exerici\u021biile sunt concepute pentru a se plia oric\u0103rui stil de via\u021b\u0103. Asta \u00eenseamn\u0103 c\u0103 ai flexibilitate total\u0103. Le po\u021bi face la sal\u0103, acas\u0103, \u00een vacan\u021b\u0103 sau oriunde te [&hellip;]<\/p>\n","protected":false},"featured_media":1767,"comment_status":"open","ping_status":"closed","template":"","meta":[],"product_brand":[],"product_cat":[21],"product_tag":[],"class_list":{"0":"post-1766","1":"product","2":"type-product","3":"status-publish","4":"has-post-thumbnail","6":"product_cat-produse","8":"first","9":"instock","10":"shipping-taxable","11":"purchasable","12":"product-type-simple"},"yoast_head":"<!-- This site is optimized with the Yoast SEO plugin v26.6 - https:\/\/yoast.com\/wordpress\/plugins\/seo\/ -->\n<title>Antrenamente video personalizate - Andrei Ivan<\/title>\n<meta name=\"robots\" content=\"index, follow, max-snippet:-1, max-image-preview:large, max-video-preview:-1\" \/>\n<link rel=\"canonical\" href=\"https:\/\/ivanschallenge.com\/en\/produs\/antrenamente-video-personalizate\/\" \/>\n<meta property=\"og:locale\" content=\"en_US\" \/>\n<meta property=\"og:type\" content=\"article\" \/>\n<meta property=\"og:title\" content=\"Antrenamente video personalizate - Andrei Ivan\" \/>\n<meta property=\"og:description\" content=\"O rutin\u0103 complet\u0103 de sport, care vizeaz\u0103 exerci\u021bii adaptate 100% la condi\u021bia ta fizic\u0103 actual\u0103. Antrenamentul va cre\u0219te progresiv \u00een intensitate pentru a-\u021bi atinge obiectivele \u00een siguran\u021b\u0103. Exerici\u021biile sunt concepute pentru a se plia oric\u0103rui stil de via\u021b\u0103. Asta \u00eenseamn\u0103 c\u0103 ai flexibilitate total\u0103. Le po\u021bi face la sal\u0103, acas\u0103, \u00een vacan\u021b\u0103 sau oriunde te [&hellip;]\" \/>\n<meta property=\"og:url\" content=\"https:\/\/ivanschallenge.com\/en\/produs\/antrenamente-video-personalizate\/\" \/>\n<meta property=\"og:site_name\" content=\"Andrei Ivan\" \/>\n<meta property=\"article:modified_time\" content=\"2025-09-08T15:20:38+00:00\" \/>\n<meta property=\"og:image\" content=\"https:\/\/ivanschallenge.com\/wp-content\/uploads\/2025\/07\/IVAN-P6-NIKE-1.jpg\" \/>\n\t<meta property=\"og:image:width\" content=\"1081\" \/>\n\t<meta property=\"og:image:height\" content=\"1129\" \/>\n\t<meta property=\"og:image:type\" content=\"image\/jpeg\" \/>\n<meta name=\"twitter:card\" content=\"summary_large_image\" \/>\n<meta name=\"twitter:label1\" content=\"Est. reading time\" \/>\n\t<meta name=\"twitter:data1\" content=\"1 minute\" \/>\n<script type=\"application\/ld+json\" class=\"yoast-schema-graph\">{\"@context\":\"https:\/\/schema.org\",\"@graph\":[{\"@type\":\"WebPage\",\"@id\":\"https:\/\/ivanschallenge.com\/en\/produs\/antrenamente-video-personalizate\/\",\"url\":\"https:\/\/ivanschallenge.com\/en\/produs\/antrenamente-video-personalizate\/\",\"name\":\"Antrenamente video personalizate - Andrei Ivan\",\"isPartOf\":{\"@id\":\"https:\/\/ivanschallenge.com\/#website\"},\"primaryImageOfPage\":{\"@id\":\"https:\/\/ivanschallenge.com\/en\/produs\/antrenamente-video-personalizate\/#primaryimage\"},\"image\":{\"@id\":\"https:\/\/ivanschallenge.com\/en\/produs\/antrenamente-video-personalizate\/#primaryimage\"},\"thumbnailUrl\":\"https:\/\/ivanschallenge.com\/wp-content\/uploads\/2025\/07\/IVAN-P6-NIKE-1.jpg\",\"datePublished\":\"2025-07-17T07:42:58+00:00\",\"dateModified\":\"2025-09-08T15:20:38+00:00\",\"breadcrumb\":{\"@id\":\"https:\/\/ivanschallenge.com\/en\/produs\/antrenamente-video-personalizate\/#breadcrumb\"},\"inLanguage\":\"en-US\",\"potentialAction\":[{\"@type\":\"ReadAction\",\"target\":[\"https:\/\/ivanschallenge.com\/en\/produs\/antrenamente-video-personalizate\/\"]}]},{\"@type\":\"ImageObject\",\"inLanguage\":\"en-US\",\"@id\":\"https:\/\/ivanschallenge.com\/en\/produs\/antrenamente-video-personalizate\/#primaryimage\",\"url\":\"https:\/\/ivanschallenge.com\/wp-content\/uploads\/2025\/07\/IVAN-P6-NIKE-1.jpg\",\"contentUrl\":\"https:\/\/ivanschallenge.com\/wp-content\/uploads\/2025\/07\/IVAN-P6-NIKE-1.jpg\",\"width\":1081,\"height\":1129},{\"@type\":\"BreadcrumbList\",\"@id\":\"https:\/\/ivanschallenge.com\/en\/produs\/antrenamente-video-personalizate\/#breadcrumb\",\"itemListElement\":[{\"@type\":\"ListItem\",\"position\":1,\"name\":\"Prima pagin\u0103\",\"item\":\"https:\/\/ivanschallenge.com\/\"},{\"@type\":\"ListItem\",\"position\":2,\"name\":\"Magazin\",\"item\":\"https:\/\/ivanschallenge.com\/magazin\/\"},{\"@type\":\"ListItem\",\"position\":3,\"name\":\"Antrenamente video personalizate\"}]},{\"@type\":\"WebSite\",\"@id\":\"https:\/\/ivanschallenge.com\/#website\",\"url\":\"https:\/\/ivanschallenge.com\/\",\"name\":\"Andrei Ivan\",\"description\":\"Antrenor Personal\",\"publisher\":{\"@id\":\"https:\/\/ivanschallenge.com\/#organization\"},\"potentialAction\":[{\"@type\":\"SearchAction\",\"target\":{\"@type\":\"EntryPoint\",\"urlTemplate\":\"https:\/\/ivanschallenge.com\/?s={search_term_string}\"},\"query-input\":{\"@type\":\"PropertyValueSpecification\",\"valueRequired\":true,\"valueName\":\"search_term_string\"}}],\"inLanguage\":\"en-US\"},{\"@type\":\"Organization\",\"@id\":\"https:\/\/ivanschallenge.com\/#organization\",\"name\":\"Andrei Ivan\",\"url\":\"https:\/\/ivanschallenge.com\/\",\"logo\":{\"@type\":\"ImageObject\",\"inLanguage\":\"en-US\",\"@id\":\"https:\/\/ivanschallenge.com\/#\/schema\/logo\/image\/\",\"url\":\"https:\/\/ivanschallenge.com\/wp-content\/uploads\/2025\/06\/IVAN-LOGO-ALB.png\",\"contentUrl\":\"https:\/\/ivanschallenge.com\/wp-content\/uploads\/2025\/06\/IVAN-LOGO-ALB.png\",\"width\":842,\"height\":575,\"caption\":\"Andrei Ivan\"},\"image\":{\"@id\":\"https:\/\/ivanschallenge.com\/#\/schema\/logo\/image\/\"}}]}<\/script>\n<!-- \/ Yoast SEO plugin. -->","yoast_head_json":{"title":"Antrenamente video personalizate - Andrei Ivan","robots":{"index":"index","follow":"follow","max-snippet":"max-snippet:-1","max-image-preview":"max-image-preview:large","max-video-preview":"max-video-preview:-1"},"canonical":"https:\/\/ivanschallenge.com\/en\/produs\/antrenamente-video-personalizate\/","og_locale":"en_US","og_type":"article","og_title":"Antrenamente video personalizate - Andrei Ivan","og_description":"O rutin\u0103 complet\u0103 de sport, care vizeaz\u0103 exerci\u021bii adaptate 100% la condi\u021bia ta fizic\u0103 actual\u0103. Antrenamentul va cre\u0219te progresiv \u00een intensitate pentru a-\u021bi atinge obiectivele \u00een siguran\u021b\u0103. Exerici\u021biile sunt concepute pentru a se plia oric\u0103rui stil de via\u021b\u0103. Asta \u00eenseamn\u0103 c\u0103 ai flexibilitate total\u0103. Le po\u021bi face la sal\u0103, acas\u0103, \u00een vacan\u021b\u0103 sau oriunde te [&hellip;]","og_url":"https:\/\/ivanschallenge.com\/en\/produs\/antrenamente-video-personalizate\/","og_site_name":"Andrei Ivan","article_modified_time":"2025-09-08T15:20:38+00:00","og_image":[{"width":1081,"height":1129,"url":"https:\/\/ivanschallenge.com\/wp-content\/uploads\/2025\/07\/IVAN-P6-NIKE-1.jpg","type":"image\/jpeg"}],"twitter_card":"summary_large_image","twitter_misc":{"Est. reading time":"1 minute"},"schema":{"@context":"https:\/\/schema.org","@graph":[{"@type":"WebPage","@id":"https:\/\/ivanschallenge.com\/en\/produs\/antrenamente-video-personalizate\/","url":"https:\/\/ivanschallenge.com\/en\/produs\/antrenamente-video-personalizate\/","name":"Antrenamente video personalizate - Andrei Ivan","isPartOf":{"@id":"https:\/\/ivanschallenge.com\/#website"},"primaryImageOfPage":{"@id":"https:\/\/ivanschallenge.com\/en\/produs\/antrenamente-video-personalizate\/#primaryimage"},"image":{"@id":"https:\/\/ivanschallenge.com\/en\/produs\/antrenamente-video-personalizate\/#primaryimage"},"thumbnailUrl":"https:\/\/ivanschallenge.com\/wp-content\/uploads\/2025\/07\/IVAN-P6-NIKE-1.jpg","datePublished":"2025-07-17T07:42:58+00:00","dateModified":"2025-09-08T15:20:38+00:00","breadcrumb":{"@id":"https:\/\/ivanschallenge.com\/en\/produs\/antrenamente-video-personalizate\/#breadcrumb"},"inLanguage":"en-US","potentialAction":[{"@type":"ReadAction","target":["https:\/\/ivanschallenge.com\/en\/produs\/antrenamente-video-personalizate\/"]}]},{"@type":"ImageObject","inLanguage":"en-US","@id":"https:\/\/ivanschallenge.com\/en\/produs\/antrenamente-video-personalizate\/#primaryimage","url":"https:\/\/ivanschallenge.com\/wp-content\/uploads\/2025\/07\/IVAN-P6-NIKE-1.jpg","contentUrl":"https:\/\/ivanschallenge.com\/wp-content\/uploads\/2025\/07\/IVAN-P6-NIKE-1.jpg","width":1081,"height":1129},{"@type":"BreadcrumbList","@id":"https:\/\/ivanschallenge.com\/en\/produs\/antrenamente-video-personalizate\/#breadcrumb","itemListElement":[{"@type":"ListItem","position":1,"name":"Prima pagin\u0103","item":"https:\/\/ivanschallenge.com\/"},{"@type":"ListItem","position":2,"name":"Magazin","item":"https:\/\/ivanschallenge.com\/magazin\/"},{"@type":"ListItem","position":3,"name":"Antrenamente video personalizate"}]},{"@type":"WebSite","@id":"https:\/\/ivanschallenge.com\/#website","url":"https:\/\/ivanschallenge.com\/","name":"Andrei Ivan","description":"Antrenor Personal","publisher":{"@id":"https:\/\/ivanschallenge.com\/#organization"},"potentialAction":[{"@type":"SearchAction","target":{"@type":"EntryPoint","urlTemplate":"https:\/\/ivanschallenge.com\/?s={search_term_string}"},"query-input":{"@type":"PropertyValueSpecification","valueRequired":true,"valueName":"search_term_string"}}],"inLanguage":"en-US"},{"@type":"Organization","@id":"https:\/\/ivanschallenge.com\/#organization","name":"Andrei Ivan","url":"https:\/\/ivanschallenge.com\/","logo":{"@type":"ImageObject","inLanguage":"en-US","@id":"https:\/\/ivanschallenge.com\/#\/schema\/logo\/image\/","url":"https:\/\/ivanschallenge.com\/wp-content\/uploads\/2025\/06\/IVAN-LOGO-ALB.png","contentUrl":"https:\/\/ivanschallenge.com\/wp-content\/uploads\/2025\/06\/IVAN-LOGO-ALB.png","width":842,"height":575,"caption":"Andrei Ivan"},"image":{"@id":"https:\/\/ivanschallenge.com\/#\/schema\/logo\/image\/"}}]}},"_links":{"self":[{"href":"https:\/\/ivanschallenge.com\/en\/wp-json\/wp\/v2\/product\/1766","targetHints":{"allow":["GET"]}}],"collection":[{"href":"https:\/\/ivanschallenge.com\/en\/wp-json\/wp\/v2\/product"}],"about":[{"href":"https:\/\/ivanschallenge.com\/en\/wp-json\/wp\/v2\/types\/product"}],"replies":[{"embeddable":true,"href":"https:\/\/ivanschallenge.com\/en\/wp-json\/wp\/v2\/comments?post=1766"}],"wp:featuredmedia":[{"embeddable":true,"href":"https:\/\/ivanschallenge.com\/en\/wp-json\/wp\/v2\/media\/1767"}],"wp:attachment":[{"href":"https:\/\/ivanschallenge.com\/en\/wp-json\/wp\/v2\/media?parent=1766"}],"wp:term":[{"taxonomy":"product_brand","embeddable":true,"href":"https:\/\/ivanschallenge.com\/en\/wp-json\/wp\/v2\/product_brand?post=1766"},{"taxonomy":"product_cat","embeddable":true,"href":"https:\/\/ivanschallenge.com\/en\/wp-json\/wp\/v2\/product_cat?post=1766"},{"taxonomy":"product_tag","embeddable":true,"href":"https:\/\/ivanschallenge.com\/en\/wp-json\/wp\/v2\/product_tag?post=1766"}],"curies":[{"name":"wp","href":"https:\/\/api.w.org\/{rel}","templated":true}]}}